{"id":1521,"date":"2022-09-05T20:11:16","date_gmt":"2022-09-05T17:11:16","guid":{"rendered":"https:\/\/4checkin.ro\/?page_id=1521"},"modified":"2022-09-05T20:11:18","modified_gmt":"2022-09-05T17:11:18","slug":"termeni-si-conditii","status":"publish","type":"page","link":"https:\/\/4checkin.ro\/en\/termeni-si-conditii\/","title":{"rendered":"Terms and conditions"},"content":{"rendered":"<p>TERMENI \u0218I CONDI\u021aII DE UTILIZARE AI SITE-ULUI<\/p>\n\n\n\n<ol type=\"1\"><li>4check in Apartamente Sibiu este numele de brand al operatorului economic S.C. ROMANS APARTMENTS S.R.L, Sibiu.<\/li><\/ol>\n\n\n\n<ul><li>Con\u021binutul site-ului (text, fotografii, etc) este integral \u0219i exclusiv\u00a0proprietatea S.C. ROMANS APARTMENTS S.R.L \u0219i nu poate fi copiat sau distribuit, \u00een form\u0103 exact\u0103 sau adaptat\u0103 f\u0103r\u0103 acceptul scris al societ\u0103\u021bii.<\/li><\/ul>\n\n\n\n<ul><li>Fotografiile\u00a0apar\u021bin S.C. ROMANS APARTMENTS S.R.L, sunt cu titlu de prezentare \u0219i nu oblig\u0103\u00a0cu nimic societatea.<\/li><\/ul>\n\n\n\n<p>DATE PERSONALE, POLITICA DE CONFIDEN\u021aIALITATE<\/p>\n\n\n\n<p>Prelucrarea datelor cu caracter personal \u2013 precum numele, prenumele, adresa, adresa de e-mail, num\u0103rul de telefon ale unei persoane vizate \u2013 se va efectua de fiecare dat\u0103\u00a0\u00een conformitate cu prevederile Regulamentului nr. 679 din 27 aprilie 2016 privind protec\u0163ia persoanelor fizice \u00een ceea ce prive\u015fte prelucrarea datelor cu caracter personal \u015fi privind libera circula\u0163ie a acestor date \u015fi de abrogare a Directivei 95\/46\/CE (\u201cRegulamentul\u201d) \u0219i\u00a0\u00een concordan\u021b\u0103 cu reglement\u0103rile de protec\u021bie a datelor specifice \u021b\u0103rii \u00een care opereaz\u0103\u00a0S.C. ROMANS APARTMENTS S.R.L.<\/p>\n\n\n\n<p>Prin intermediul acestei Politici compania noastr\u0103 ar dori s\u0103 informeze publicul general despre natura, amploarea \u0219i scopul pentru care colect\u0103m \u0219i proces\u0103m date cu caracter personal. Pe l\u00e2ng\u0103 acestea, persoanele vizate sunt informate \u0219i asupra drepturilor de care beneficiaz\u0103, drepturi reglementate de Regulament. \u00cen calitate de operator, S.C. ROMANS APARTMENTS S.R.L. a implementat m\u0103suri tehnice \u0219i organiza\u021bionale ca s\u0103 asigure protec\u021bia complet\u0103 a datelor personale.<\/p>\n\n\n\n<p><strong>Numele \u0219i adresa operatorului:\u00a0<\/strong>S.C. ROMANS APARTMENTS S.R.L<\/p>\n\n\n\n<p>Nr. Reg. Com: J32\/1377\/2019<\/p>\n\n\n\n<p>C.U.I:\u00a0 41334601<\/p>\n\n\n\n<p>Sediul: Sibiu, str. Johann Sebastian Bach, bl.4, et.2, ap.24, jud. Sibiu, Romania<\/p>\n\n\n\n<p>S.C. ROMANS APARTMENTS S.R.L. va prelucra \u0219i stoca date personale ale persoanei vizate numai pe perioada necesar\u0103 pentru a-\u0219i \u00eendeplini scopul de stocare sau pe perioada care este prev\u0103zut\u0103 de c\u0103tre legiuitorul european sau de c\u0103tre alte legi aplicabile. Dac\u0103 scopul stoc\u0103rii nu este aplicabil sau dac\u0103 perioada de stocare prev\u0103zut\u0103 de legisla\u021bia aplicabil\u0103 \u00een vigoare expir\u0103, datele personale sunt \u0219terse, \u00een concordan\u021b\u0103 cu cererin\u021bele legale.<\/p>\n\n\n\n<p>Drepturile persoanei vizate<\/p>\n\n\n\n<ol type=\"1\"><li>Dreptul de acces al persoanei vizate<\/li><\/ol>\n\n\n\n<p>\u00cen vederea exercitarii dreptului de acces, persoana vizat\u0103 poate oric\u00e2nd s\u0103 contacteze<\/p>\n\n\n\n<p>S.C. ROMANS APARTMENTS S.R.L.. pentru a ob\u021bine un raport al datelor cu caracter personal, printr-o solicitare scris\u0103.<\/p>\n\n\n\n<ul><li>Dreptul de rectificare<\/li><\/ul>\n\n\n\n<p>Fiecare persoan\u0103 vizat\u0103 are dreptul de a ob\u021bine rectificarea datelor cu caracter personal atunci c\u00e2nd acestea sunt incorecte sau au suferit anumite modific\u0103ri sau necesit\u0103 a fi completate.<\/p>\n\n\n\n<ul><li>Dreptul la \u0219tergere<\/li><\/ul>\n\n\n\n<p>Fiecare persoan\u0103 vizat\u0103 are dreptul de a solicita \u0219tergerea datelor cu caracter personal dupa cum urmeaz\u0103:<\/p>\n\n\n\n<ol type=\"a\"><li>atunci c\u00e2nd datele nu mai sunt necesare \u00een scopul pentru care au fost colectate sau prelucrate,<\/li><\/ol>\n\n\n\n<ul><li>persona vizat\u0103 \u00ee\u021bi retrage consim\u021b\u0103m\u00e2ntul pe baza c\u0103ruia are loc&nbsp;prelucrarea,<\/li><\/ul>\n\n\n\n<ul><li>persoana vizat\u0103 obiecteaz\u0103 la prelucrare \u00een conformitate cu articolul 21(1) din Regulament \u0219i nu exist\u0103 temeiuri legale pentru prelucrare sau persoana vizat\u0103 obiecteaz\u0103 la prelucrare \u00een conformitate cu articolul 21(2) din Regulament,<\/li><\/ul>\n\n\n\n<ul><li>datele cu caracter personal au fost procesate \u00een mod ilegal sau o dispozi\u021bie legal\u0103 \u00een vigoare impune \u0219tergerea acestora.<\/li><\/ul>\n\n\n\n<ul><li>Dreptul la restric\u021bionarea prelucr\u0103rii<\/li><\/ul>\n\n\n\n<p>Fiecare persoan\u0103 vizat\u0103 are dreptul de a ob\u021bine restric\u021bionarea prelucr\u0103rii, acolo unde unul dintre urm\u0103toarele cazuri se aplic\u0103:<\/p>\n\n\n\n<ul><li>acurate\u021bea datelor personale este contestat\u0103 de persoana\u00a0vizat\u0103<ul><li>prelucrarea este ilegal\u0103 \u0219i persoana vizat\u0103 se opune \u0219tergerii datelor personale, dar cere \u00een loc restrictionarea utiliz\u0103rii lor<\/li><li>societatea nu mai are nevoie de datele personale cu scopul de a le prelucra, dar ele sunt cerute de persoana vizat\u0103 pentru unitate, \u00een vederea exercit\u0103rii unor\u00a0drepturi<\/li><li>persoana vizat\u0103 s-a opus prelucrarii \u00een conformitate cu articolul 21(1) din Regulament p\u00e2n\u0103 la verificarea dac\u0103 temeiurile\u00a0legitime\u00a0ale S.C. ROMANS APARTMENTS S.R.L.. prevaleaz\u0103 asupra celor ale persoanei vizate.<\/li><\/ul><\/li><\/ul>\n\n\n\n<ul><li>Dreptul la portabilitatea datelor<\/li><\/ul>\n\n\n\n<p>Fiecare persoan\u0103 vizat\u0103 are dreptul s\u0103 solicite transferarea datelor cu caracter personal c\u0103tre o ter\u021b\u0103 persoan\u0103 sau c\u0103tre \u00eens\u0103\u0219i persoana vizat\u0103.<\/p>\n\n\n\n<ul><li>Dreptul la opozitie<\/li><\/ul>\n\n\n\n<p>Fiecare persoan\u0103 vizat\u0103 are dreptul de a se opune oric\u00e2nd, din motive care au leg\u0103tur\u0103 cu situa\u021bia sa particular\u0103, la prelucrarea datelor personale care \u00eel\/o vizeaz\u0103, fapt care se bazeaz\u0103 pe punctele (e) \u0219i (f) din Articolul 6(1) din Regulament. Aceasta se aplic\u0103 \u0219i crearii de profiluri.<\/p>\n\n\n\n<p>S.C. ROMANS APARTMENTS S.R.L. nu va mai prelucra date personale \u00een eventualitatea unei opozi\u021bii, dec\u00e2t dac\u0103 putem demonstra temeiuri conving\u0103toare \u0219i legitime pentru prelucrare, care suprascriu interesele, drepturile \u0219i libert\u0103\u021bile persoanei vizate sau pentru stabilirea, exercitarea sau ap\u0103rarea drepturilor legale.<\/p>\n\n\n\n<p>Dac\u0103 S.C. ROMANS APARTMENTS S.R.L. prelucreaz\u0103 date personale pentru scopuri de\u00a0marketing direct, acolo unde exist\u0103 un consim\u021b\u0103m\u00e2nt prealabil, persoana vizat\u0103 va avea dreptul s\u0103 se opun\u0103 oric\u00e2nd la prelucrarea datelor sale personale pentru un astfel de marketing. Aceasta se aplic\u0103 crearii de profiluri p\u00e2n\u0103 \u00een punctul \u00een care este \u00een rela\u021bie cu un astfel de marketing direct. Dac\u0103 persoana vizat\u0103 obiecteaz\u0103 la prelucrarea realizat\u0103 de S.C. ROMANS APARTMENTS S.R.L. pentru scopuri de  marketing direct, atunci societatea nu va mai procesa datele sale personale \u00een aceste scopuri.<\/p>\n\n\n\n<p>\u00cen plus, persoana vizat\u0103 are dreptul, pe temeiuri legate de situa\u021bia sa particular\u0103, s\u0103\u00a0obiecteze la prelucrarea datelor sale personale\u00a0de\u00a0c\u0103tre S.C. ROMANS APARTMENTS S.R.L. pentru scopuri de cercetare \u0219tiin\u021bific\u0103 sau de cercetare istoric\u0103 sau pentru scopuri statistice, \u00een conformitate cu Articolul 89(1) din Regulament, dec\u00e2t dac\u0103 prelucrarea e necesar\u0103 pentru realizarea unei sarcini \u00eendeplinite \u00een interes public.<\/p>\n\n\n\n<ul><li>Luarea deciziilor individuale, inclusiv crearea de profiluri<\/li><\/ul>\n\n\n\n<p>Fiecare persoan\u0103 vizat\u0103 are dreptul s\u0103 nu fac\u0103 obiectul unei decizii bazate exclusiv pe prelucrarea automat\u0103, inclusiv crearea de profiluri, care produce efecte juridice cu privire la aceasta sau \u00een mod similar o afecteaz\u0103 \u00een mod semnificativ, at\u00e2t timp c\u00e2t decizia nu se bazeaz\u0103 pe acordul explicit al persoanei vizate.<\/p>\n\n\n\n<p>S.C. ROMANS APARTMENTS S.R.L. va implementa m\u0103suri de sus\u021binere adecvate pentru a proteja drepturile \u0219i libert\u0103\u021bile persoanei vizate \u0219i interesele legitime, cel pu\u021bin dreptul de a ob\u021bine o interven\u021bie uman\u0103 din partea societ\u0103\u021bii, de a-\u0219i exprima punctul de vedere \u0219i de a contesta decizia.<\/p>\n\n\n\n<ul><li>Dreptul de a retrage&nbsp;consim\u021b\u0103m\u00e2ntul<\/li><\/ul>\n\n\n\n<p>Fiecare persoan\u0103 vizat\u0103 are dreptul s\u0103-\u0219i retrag\u0103 consim\u021b\u0103m\u00e2ntul cu privire la prelucrarea datelor cu caracter personal \u00een orice moment.<\/p>\n\n\n\n<ul><li>Dreptul de a formula o plangere autoritatii de supraveghere &#8211; in cazul in care persoana vizat\u0103 apreciaz\u0103 c\u0103 drepturile sale legitime \u00een legatur\u0103 cu opera\u021biunile de prelucrare a datelor personale au fost \u00eenc\u0103lcate, aceasta se poate adresa cu o pl\u00e2ngere \u00een acest sens\u00a0Autorit\u0103\u021bii Na\u0163ionale de Supraveghere a Prelucr\u0103rii Datelor cu Caracter Personal, cu sediul \u00een B-dul G-ral. Gheorghe Magheru 28-30, Sector 1, cod po\u0219tal 010336, Bucure\u0219ti, Rom\u00e2nia.<\/li><\/ul>\n\n\n\n<p>Dac\u0103 dori\u021bi s\u0103 v\u0103 exercita\u021bi drepturile sau s\u0103 ne transmiteti o notificare \/ cerere v\u0103 rug\u0103m s\u0103 ne contacta\u021bi la adresa office@4checkin.ro. V\u0103 vom r\u0103spunde \u00een cel mai scurt timp posibil, dar nu mai tarziu de 30 de zile. Pentru orice \u00eentarzieri v\u0103 vom anun\u021ba \u0219i v\u0103 vom oferi motivele justificate ale \u00eent\u00e2rzierii.<\/p>\n\n\n\n<p><img width=\"7\" height=\"18\"><strong>Furnizarea de date cu caracter personal ca cerin<\/strong>\u021b<strong>\u0103 legal\u0103 sau contractual\u0103<\/strong><\/p>\n\n\n\n<p>Cerin\u021ba necesar\u0103 pentru a \u00eencheia un contract;<\/p>\n\n\n\n<p>Obliga\u021bia persoanei vizate de a furniza datele cu caracter personal; <\/p>\n\n\n\n<p>Clarific\u0103m faptul c\u0103 furnizarea de date cu caracter personal este cerut\u0103 par\u021bial de lege (de ex. reglement\u0103ri fiscale) sau poate rezulta \u0219i din dispozi\u021bii contractuale (de exemplu, informa\u021bii privind partenerul contractual). Uneori poate fi necesar s\u0103 se \u00eencheie un contract conform c\u0103ruia persoana vizat\u0103 ne furnizeaz\u0103 date cu caracter personal, care trebuie prelucrate ulterior de noi. Persoana vizat\u0103 este, de exemplu, obligat\u0103 s\u0103 ne furnizeze date cu caracter personal atunci c\u00e2nd compania noastr\u0103 semneaz\u0103 un contract cu el sau ea.<\/p>\n\n\n\n<p>S.C. ROMANS APARTMENTS S.R.L. aplic\u0103 un cadru intern de politici \u0219i standarde minime privind protec\u021bia datelor cu caracter personal. Aceste politici \u0219i standarde sunt acualizate periodic pentru a corespunde reglementarilor \u0219i evolu\u021biei pie\u021bei. \u00cen conformitate cu dispozi\u021biile legale \u00een vigoare lu\u0103m m\u0103suri tehnice \u0219i organizatorice adecvate (politici, proceduri, securitate etc.) tocmai pentru a asigura confiden\u021bialitatea \u0219i integritatea datelor cu caracter personal precum \u0219i pentru a asigura cadrul necesar prelucrarii acestora.<\/p>\n\n\n\n<p>Datele personale pe care le prelucram<\/p>\n\n\n\n<p>Politica noastr\u0103 personal\u0103 de confiden\u021bialitate a datelor reglementeaz\u0103 utilizarea \u0219i stocarea datelor dumneavoastr\u0103. Pute\u021bi vedea politica noastr\u0103 de confiden\u021bialitate a datelor cu caracter personal la Politica de confiden\u021bialitate a datelor cu caracter personal. S.C. ROMANS APARTMENTS S.R.L. este un operator de date cu caracter personal. Colect\u0103m urm\u0103toarele tipuri de date personale de la dvs.:<\/p>\n\n\n\n<ul><li>Nume \u0219i prenume<\/li><\/ul>\n\n\n\n<ul><li>Jude\u021b \u0219i ora\u0219<\/li><\/ul>\n\n\n\n<ul><li>Num\u0103r de telefon<\/li><\/ul>\n\n\n\n<ul><li>E-mail<\/li><\/ul>\n\n\n\n<p>Cu consim\u021b\u0103m\u00e2ntul dumneavoastr\u0103 v\u0103 solicit\u0103m datele personale pentru a v\u0103 oferi urm\u0103toarele servicii:<\/p>\n\n\n\n<ul><li>Nume \u0219i prenume, Nume companie \u2013 avem nevoie de aceste date pentru a v\u0103\u00a0identifica<\/li><li>E-mail \u2013 adresa de e-mail o folosim pentru a comunica cu dumneavoastr\u0103 pentru a v\u0103 rezolva problema sau a v\u0103 comunica newslettere<\/li><li>Num\u0103r de telefon \u2013 v\u0103 vom contacta pentru progamare sau \u00een vederea rezolvarii unei probleme.<\/li><li>Func\u021bionarea site-ului\u00a0https:\/\/4checkin.ro\/<\/li><li>Adres\u0103 IP \u2013 filtrarea \u0219i detectarea atacurilor din internet<\/li><\/ul>\n\n\n\n<p>Durata re\u021binerii datelor<\/p>\n\n\n\n<p>Pentru newsletter vom p\u0103stra datele dumneavoastr\u0103 cu caracter personal doar pe durata de via\u021b\u0103 a newsletter-ului sau p\u00e2n\u0103 c\u00e2nd ne ve\u021bi notifica c\u0103 nu mai dori\u021bi s\u0103 primi\u021bi newsletter-ul. Dup\u0103 aceast\u0103 perioad\u0103, datele dumneavoastr\u0103 personale vor fi distruse ireversibil.<\/p>\n\n\n\n<p>Drepturi personale<\/p>\n\n\n\n<p>Dac\u0103 ave\u021bi motive s\u0103 crede\u021bi c\u0103 orice date personale pe care le de\u021binem despre dvs sunt incorecte sau incomplete, ave\u021bi dreptul s\u0103 solicita\u021bi s\u0103 vede\u021bi aceste informa\u021bii, s\u0103 le rectifica\u021bi sau s\u0103 cere\u021bi s\u0103 fie \u0219terse, s\u0103 solicita\u021bi restric\u021bionarea prelucr\u0103rii sau s\u0103 v\u0103 opune\u021bi prelucr\u0103rii \u0219i de asemenea ave\u021bi dreptul la portabilitatea datelor. Pentru exercitarea acestor drepturi v\u0103 rug\u0103m s\u0103 ne contacta\u021bi la adresa office@4checkin.ro.<\/p>\n\n\n\n<p>Dac\u0103 dori\u021bi s\u0103 \u00eenainta\u021bi o pl\u00e2ngere legat\u0103 de modul \u00een care v-am procesat datele pute\u021bi contacta Autoritatea Na\u021bional\u0103 de Supraveghere a Prelucr\u0103rii Datelor cu Caracter Personal la\u00a0<a href=\"http:\/\/www.dataprotection.ro\/\">www.dataprotection.ro\u00a0<\/a>\u0219i pute\u021bi depune o pl\u00e2ngere la ei.<\/p>\n\n\n\n<p>DESPRE COOKIES \u2013 POLITICA DE COOKIES<\/p>\n\n\n\n<ol type=\"1\"><li>Politica de utilizare cookies<\/li><\/ol>\n\n\n\n<p>Aceasta politic\u0103 se refer\u0103 la cookies \u0219i paginile web operate de S.C. ROMANS APARTMENTS S.R.L.<\/p>\n\n\n\n<ul><li>Ce este un cookie?<\/li><\/ul>\n\n\n\n<p>Un cookie este un fi\u0219ier text de mici dimensiuni, format \u00een general din identificatori, nume ale website-urilor litere \u0219i numere, c\u0103ruia utilizatorul, c\u00e2nd navigheaz\u0103 pe pagina web prin intermediul unui browser web (ex: Internet Explorer, Chrome, etc.), \u00eei poate permite sau nu instalarea prin stocare pe computerul, terminalul mobil sau alte echipamente folosite de&nbsp;acesta. Fi\u0219ierul cookie este \u201cpasiv\u201d (nu con\u021bine programe software, viru\u0219i sau spyware \u0219i nu poate accesa informa\u021biile de pe hard disk-ul utilizatorului).<\/p>\n\n\n\n<ul><li>La ce sunt folosite cookies?<\/li><\/ul>\n\n\n\n<p>Aceste fi\u0219iere fac posibil\u0103 recunoa\u0219terea terminalului utilizatorului \u0219i prezentarea c\u0103tre acesta a unui con\u021binut adaptat preferin\u021belor sale. Cookies asigur\u0103 utilizatorilor o experien\u021ba pl\u0103cut\u0103 de navigare \u0219i\u00a0sus\u021bin\u00a0eforturile S.C. ROMANS APARTMENTS S.R.L.. pentru a oferi servicii\u00a0confortabile utilizatorului, cum ar fi: preferin\u021bele \u00een materie de confiden\u021bialitate online, produse sau publicitate. Cookies sunt utilizate \u00een preg\u0103tirea unor statistici anonime agregate care ne ajuta s\u0103 \u00een\u021belegem modul \u00een care un utilizator beneficiaz\u0103 de paginile noastre web, permi\u021b\u00e2ndu-ne \u00eembun\u0103t\u0103\u021birea structurii \u0219i con\u021binutului acestora.<\/p>\n\n\n\n<ul><li>Ce tipuri de cookies folosim?<\/li><\/ul>\n\n\n\n<p>Folosim doua tipuri de cookies: de sesiune \u2013 fi\u0219iere temporare ce r\u0103m\u00e2n \u00een terminalul utilizatorului p\u00e2n\u0103 la \u00eenchiderea sesiunii de navigare sau \u00eenchiderea aplica\u021biei (browser-ului web) persistente \u2013 fi\u0219iere care r\u0103m\u00e2n \u00een terminalul utilizatorului pe o perioad\u0103 definit\u0103 de parametrii acelui cookie sau p\u00e2n\u0103 sunt \u0219terse manual de utilizator.<\/p>\n\n\n\n<ul><li>Cum sunt folosite cookies de c\u0103tre acest site?<\/li><\/ul>\n\n\n\n<p>O vizit\u0103 pe acest site poate plasa urm\u0103toarele tipuri de cookies, \u00een func\u021bie de consim\u021b\u0103m\u00e2ntul exprimat de utilizator:<\/p>\n\n\n\n<ul><li>Cookie-uri de performan\u021b\u0103 a&nbsp;site-ului;<ul><li>Cookie-uri de analiza a vizitatorilor;<\/li><li>Cookie-uri de \u00eenregistrare;<\/li><li>Cookie-uri pentru publicitate;<\/li><li>Cookie-uri ale furnizorilor de publicitate.<\/li><\/ul><\/li><\/ul>\n\n\n\n<p>Exemple privind utilitatea cookies (care nu necesit\u0103 autentificarea unui utilizator prin intermediul unui cont):<\/p>\n\n\n\n<ul><li>Con\u021binut \u0219i servicii adaptate preferin\u021belor utilizatorului \u2013 produse \u0219i\u00a0servicii.<ul><li>Oferte adaptate intereselor utilizatorilor;<\/li><li>Re\u021binerea detaliilor de autentificare (utilizator \u0219i parol\u0103);<\/li><\/ul><ul><li>M\u0103surarea, optimizarea \u0219i caracteristicile de analitice \u2013 cum ar fi confirmarea unui anumit nivel de trafic pe un website, ce tip de con\u021binut este vizualizat \u0219i modul cum un utilizator ajunge pe un website (ex.: prin motoare de c\u0103utare, direct, din\u00a0alte website-uri etc). Website-urile deruleaz\u0103 aceasta analiz\u0103 a utilizarii lor pentru a \u00eembun\u0103t\u0103\u021bi con\u021binutul acestora \u00een beneficiul utilizatorului.<\/li><\/ul><\/li><\/ul>\n\n\n\n<p>Cookies care, din punct de vedere tehnic, nu sunt obligatorii a fi stocate pe terminalul utilizatorului, vor fi folosite doar dac\u0103 utilizatorul \u00ee\u021bi exprim\u0103 consim\u021b\u0103m\u00e2ntul expres \u0219i neechivoc \u00een legatur\u0103 cu acestea, prin bifarea categoriilor prezentate. Utilizatorul \u00ee\u021bi poate retrage consim\u021b\u0103m\u00e2ntul \u00een orice moment prin modificarea setarilor aferente browser-ului utilizat.<\/p>\n\n\n\n<p>Detalii privind modificarea set\u0103rilor browserelor pute\u021bi g\u0103si pe website-urile dezvoltatorilor browserelor.<\/p>\n\n\n\n<ul><li>Ce date con\u021bin cookies?<\/li><\/ul>\n\n\n\n<p>\u00cen cele mai multe cazuri, cookies nu identific\u0103 \u00een mod direct utilizatorii de Internet, ci terminalul de pe care ace\u0219tia au accesat anumite pagini web. Aceste date sunt criptate \u00eentr-un mod care nu permite accesul neautorizat al ter\u021bilor.<\/p>\n\n\n\n<ul><li>Reten\u021bia \u0219i \u0219tergerea cookies<\/li><\/ul>\n\n\n\n<p>\u00cen general, o aplicatie folosit\u0103 pentru accesarea paginilor web permite salvarea cookies pe terminalul utilizatorului \u00een mod implicit. Aceste set\u0103ri pot fi modificate de c\u0103tre utilizator astfel \u00eenc\u00e2t administrarea automat\u0103 a cookies s\u0103 fie blocat\u0103 de browser-ul web sau utilizatorul s\u0103 fie informat de fiecare dat\u0103 c\u00e2nd cookies sunt trimise c\u0103tre terminalul s\u0103u.<\/p>\n\n\n\n<ul><li>Actualiz\u0103ri ale politicii de cookies<\/li><\/ul>\n\n\n\n<p>S.C. ROMANS APARTMENTS S.R.L. poate actualiza prezenta politic\u0103 de cookies pentru a reflecta schimb\u0103ri ale diverselor cookies folosite \u00een scop opera\u021bional, juridic sau de reglementare. V\u0103 rug\u0103m s\u0103 citi\u021bi regulat politica de cookies pentru a v\u0103 asigura c\u0103 sunte\u021bi informat corespunzator cu privire la modul \u00een care utiliz\u0103m cookies. Data prezentei politici este actualizat\u0103 \u00een antetul acestei sec\u021biuni.<\/p>\n\n\n\n<p><strong>Politic\u0103 de livrare<\/strong><\/p>\n\n\n\n<p><strong>Confirmarea rezervarii se va face prin email-ul cu care v-ati inregistrat pe site-ul nostru. V\u0103 rug\u0103m, s\u0103 verifica\u021bi \u0219i c\u0103su\u021ba de spam, s-ar putea uneori s\u0103 primi\u021bi confirmarea \u00een spam. <\/strong><\/p>\n\n\n\n<p><strong>Pentru a putea prelua proprietatea la ora dorit\u0103 va trebui s\u0103 anun\u021ba\u021bi \u00een avans ora sosirii.<\/strong><\/p>\n\n\n\n<p><strong>Politic\u0103 de anulare a rezerv\u0103rii<\/strong><\/p>\n\n\n\n<p><strong>Anularea unei rezerv\u0103ri este posibil\u0103 doar cu o zi \u00eenainte de check in.<\/strong><\/p>\n\n\n\n<p><strong>Anularea rezervarii se poate face telefonic la 0742 698 964 sau prin email la\u00a0office@4checkin.ro. Anularea este garantat\u0103 doar dac\u0103 primi\u021bi un raspuns din partea noastr\u0103.<\/strong><\/p>\n\n\n\n<p><\/p>\n\n\n\n<p><\/p>","protected":false},"excerpt":{"rendered":"<p>TERMENI \u0218I CONDI\u021aII DE UTILIZARE AI SITE-ULUI 4check in Apartamente Sibiu este numele de brand al operatorului economic S.C. ROMANS APARTMENTS S.R.L, Sibiu. Con\u021binutul site-ului (text, fotografii, etc) este integral \u0219i exclusiv\u00a0proprietatea S.C. ROMANS APARTMENTS S.R.L \u0219i nu poate fi [&hellip;]<\/p>","protected":false},"author":1,"featured_media":0,"parent":0,"menu_order":0,"comment_status":"closed","ping_status":"closed","template":"","meta":{"_mi_skip_tracking":false},"aioseo_notices":[],"_links":{"self":[{"href":"https:\/\/4checkin.ro\/en\/wp-json\/wp\/v2\/pages\/1521"}],"collection":[{"href":"https:\/\/4checkin.ro\/en\/wp-json\/wp\/v2\/pages"}],"about":[{"href":"https:\/\/4checkin.ro\/en\/wp-json\/wp\/v2\/types\/page"}],"author":[{"embeddable":true,"href":"https:\/\/4checkin.ro\/en\/wp-json\/wp\/v2\/users\/1"}],"replies":[{"embeddable":true,"href":"https:\/\/4checkin.ro\/en\/wp-json\/wp\/v2\/comments?post=1521"}],"version-history":[{"count":3,"href":"https:\/\/4checkin.ro\/en\/wp-json\/wp\/v2\/pages\/1521\/revisions"}],"predecessor-version":[{"id":1524,"href":"https:\/\/4checkin.ro\/en\/wp-json\/wp\/v2\/pages\/1521\/revisions\/1524"}],"wp:attachment":[{"href":"https:\/\/4checkin.ro\/en\/wp-json\/wp\/v2\/media?parent=1521"}],"curies":[{"name":"wp","href":"https:\/\/api.w.org\/{rel}","templated":true}]}}